{"id":31,"date":"2014-04-06T14:10:17","date_gmt":"2014-04-06T12:10:17","guid":{"rendered":"http:\/\/tobiasgaertner.com\/?page_id=31"},"modified":"2016-01-03T16:28:29","modified_gmt":"2016-01-03T14:28:29","slug":"im-netz","status":"publish","type":"page","link":"https:\/\/tobiasgaertner.com\/?page_id=31","title":{"rendered":"Im Netz."},"content":{"rendered":"<p>Eine kleiner \u00dcbersicht von Seiten (nicht vollst\u00e4ndig!), auf denen ich im Netz zu finden bin. Seien es Artikel, Interviews oder sonstige Publikationen.<\/p>\n<p><strong>Zum Wechsel zur\u00fcck nach M\u00fcnchen:<br \/>\n<\/strong><a href=\"http:\/\/www.serviceplan.com\/de\/presse-detail\/tgaertner.html\" target=\"_blank\">Pressemeldung<\/a> der Serviceplan-Gruppe.<\/p>\n<p><strong>Aus\u00a0der Schweiz:<br \/>\nDie \u00dcbergabe:<\/strong><br \/>\nMeldung in der <a href=\"http:\/\/persoenlich.ch\/news\/werbung\/plannet-suisse-neues-fuehrungsteam-am-ruder-325765#.Vokun5PhC-U\" target=\"_blank\">Pers\u00f6nlich (Schweiz)<\/a>. Und in der <a href=\"http:\/\/www.werbewoche.ch\/plannet-suisse-unter-neuer-fuehrung\" target=\"_blank\">Werbewoche (Schweiz)<\/a>.<br \/>\n<strong>Studie:<\/strong><br \/>\nZusammen mit der GfK, IAB und verschiedenen Publishern in der Schweiz haben wir die erste Studie zur <a href=\"http:\/\/persoenlich.ch\/news\/digital\/iab-branding-wirkt-auch-digital-323886#.VokvupPhC-U\" target=\"_blank\">Werbewirkung von digitalen Kampagnen<\/a> untersucht.<br \/>\n<strong>Emmi:<\/strong><br \/>\nUnsere Arbeit f\u00fcr Emmi Chai Latte wird hier in der <a title=\"Emmi - Werbewoche\" href=\"http:\/\/www.werbewoche.ch\/plannet-dach-lancierung-von-emmi-chai-latte\" target=\"_blank\">Werbewoche (Schweiz)<\/a>\u00a0und er <a title=\"Emmi - Pers\u00f6nlich\" href=\"http:\/\/www.persoenlich.ch\/news\/digital\/plannet-chai-latte-fuers-exotische-publikum-313044\" target=\"_blank\">Pers\u00f6nlich (Schweiz)<\/a> beschrieben. Und in Deutschland in der <a title=\"Emmi - OneToOne\" href=\"http:\/\/www.onetoone.de\/Plan-Net-Suisse-und-Emmi-rufen-im-Web-die-Chai-Time-aus-24683.html\" target=\"_blank\">One-To-One<\/a> und etwas in i<a title=\"Emmi - iBusiness\" href=\"http:\/\/www.ibusiness.de\/etats\/mb\/etats.1392198159hr.html\" target=\"_blank\">Business<\/a>. Und nat\u00fcrlich noch die offizielle Meldung von <a title=\"Emmi - Serviceplan\" href=\"http:\/\/www.serviceplan.com\/de\/presse-detail\/pnsuisse-emmi.html\" target=\"_blank\">Serviceplan<\/a>.<br \/>\n<strong>Zur Person:<\/strong><br \/>\nZum Start, eine kleine Meldung in der &#8222;Pers\u00f6nlich&#8220;. <a title=\"Artikel zum Start bei der Plan.Net Suisse\" href=\"http:\/\/www.persoenlich.com\/news\/digital\/plannet-tobias-gaertner-uebernimmt-die-geschaeftsfuehrung-311484\" target=\"_blank\">Hier<\/a>. Und dieser Kommentator ist ein notorischer Grantler. Auf vielen Seiten im Netz. Passt etwas zu seinem Namen.<br \/>\nUnd wer mich &#8222;beruflich&#8220; anschreiben m\u00f6chte, der findet mich <a href=\"http:\/\/de.plan-net.com\/kontakt\/international\/digitalagentur-zurich.html\" target=\"_blank\">hier<\/a>.<br \/>\n<strong>DDA:<\/strong><br \/>\nNebenbei bin ich Dozent an der DDA. Das Profil findet man <a href=\"http:\/\/www.dda-online.de\/koepfe-der-dda\/dozenten\/details\/info\/tobias_gaertner\/?tx_rggooglemap_pi1%5Bpoi%5D=52&amp;cHash=7c46a8706b512880fc1533a5a816e84d\" target=\"_blank\">hier<\/a>.<\/p>\n<p><strong>Creative Social:<\/strong><br \/>\nEin <a href=\"http:\/\/www.blurb.de\/b\/2006250-creative-social-in-pictures\" target=\"_blank\">Buch mit Bildern und Eindr\u00fccken von Creative Social<\/a>. Ich durfte auch mit ein paar Bildern beitragen.<br \/>\nCSHamburg. <a href=\"http:\/\/www.pinterest.com\/pin\/13018286393295359\/\" target=\"_blank\">Hier<\/a>.<br \/>\nCSBeirut. <a href=\"http:\/\/creativesocialblog.com\/creative-social\/cs-beirut-bernard-khoury\" target=\"_blank\">Hier<\/a>.<br \/>\nCSFirenze. <a href=\"https:\/\/www.flickr.com\/photos\/herraiz-soto\/2447994517\/\" target=\"_blank\">Ausruhen<\/a>.<\/p>\n<p><strong>&#8222;Historisch&#8220;:<\/strong><br \/>\n2010 auf der dmexco, ein Interview zum Thema &#8222;<a href=\"https:\/\/www.youtube.com\/watch?v=9OZHLnOZRhs\" target=\"_blank\">Werbung auf dem iPad<\/a>&#8222;. Damals als Gesch\u00e4ftsf\u00fchrer der pilot Hamburg.<br \/>\nZum Start bei der pilot gab es Meldungen bei der <a href=\"http:\/\/www.wuv.de\/medien\/tobias_gaertner_neuer_pilot_im_anflug\" target=\"_blank\">w&amp;v<\/a>, <a href=\"http:\/\/www.horizont.net\/aktuell\/leute\/pages\/protected\/Tobias-Gaertner-verstaerkt-Pilot-10-als-Geschaeftsfuehrer-Beratung_92314.html\" target=\"_blank\">Horizont<\/a>,<br \/>\n2007 haben wir als Plan.Net die &#8222;Plan.Net France&#8220; gegr\u00fcndet. Das Netz vergisst nicht &#8211; <a href=\"http:\/\/www.strategies.fr\/actualites\/agences\/r40810W\/l-allemand-plan-net-se-connecte-au-marche-francais.html\" target=\"_blank\">hier ist der Artikel aus Frankreich<\/a>.<br \/>\nMein Einstieg bei der Plan.Net 2002 findet sich hier bei der <a title=\"NewBusiness Plan.Net\" href=\"http:\/\/www.newbusiness.de\/koepfe\/detail.php?nr=28906&amp;rubric=K%D6PFE&amp;PHPSESSID=rpejl6fg2itn6ef4rmo819ip09v2q0jo\" target=\"_blank\">NewBusiness<\/a>.<br \/>\nMit 28 wurde ich (noch bei den argonauten in M\u00fcnchen) von Ruth Pink f\u00fcr Ihr Buch &#8222;Souver\u00e4ne Gespr\u00e4chsf\u00fchrung. Kritik und Moderation&#8220; interviewt. Dank Google kann man das auch online lesen. Inkl. meiner Zitate, unter anderem <a title=\"Google - Buch Ruth Pink\" href=\"http:\/\/books.google.de\/books?id=hyJ75DlFhmgC&amp;pg=PA186&amp;lpg=PA186&amp;dq=%22Tobias+G\u00e4rtner%22&amp;source=bl&amp;ots=ZMFOJVA1yG&amp;sig=1OBw0IGYvjjPq6qYtuee-wcHCM4&amp;hl=de&amp;sa=X&amp;ei=OjBBU7G9DcGbtQaf4oGYCw&amp;ved=0CHAQ6AEwCDg8#v=onepage&amp;q=%22Tobias%20G\u00e4rtner%22&amp;f=false\" target=\"_blank\">hier<\/a>.<br \/>\n1999 war ich bei der b.a.s. \u00a0&#8211; damals wurde wir von der Publicis gekauft. <a href=\"http:\/\/www.onetoone.de\/PUBLICIS-kauft-b-a-s-interactive-und-b-a-s-e-commerce-3081.html\" target=\"_blank\">Der Artikel dazu<\/a>. Und in der <a href=\"http:\/\/www.newbusiness.de\/agenturen\/detail.php?rubric=AGENTUREN&amp;nr=11610\" target=\"_blank\">NewBusiness<\/a>.<br \/>\n1998 auf der ersten deutschen Internet World in Berlin. \u00dcber Banner, das war wirklich sehr lange her. <a href=\"http:\/\/www.gbv.de\/dms\/tib-ub-hannover\/245622128.pdf\" target=\"_blank\">Hier ist das Programm<\/a>.<\/p>\n<p>&nbsp;<\/p>\n","protected":false},"excerpt":{"rendered":"<p>Eine kleiner \u00dcbersicht von Seiten (nicht vollst\u00e4ndig!), auf denen ich im Netz zu finden bin. Seien es Artikel, Interviews oder sonstige Publikationen. Zum Wechsel zur\u00fcck nach M\u00fcnchen: Pressemeldung der Serviceplan-Gruppe. Aus\u00a0der Schweiz: Die \u00dcbergabe: Meldung in der Pers\u00f6nlich (Schweiz). Und in der Werbewoche (Schweiz). Studie: Zusammen mit der GfK, IAB und verschiedenen Publishern in der &hellip; <a href=\"https:\/\/tobiasgaertner.com\/?page_id=31\" class=\"more-link\"><span class=\"screen-reader-text\">Im Netz.<\/span> weiterlesen <span class=\"meta-nav\">&rarr;<\/span><\/a><\/p>\n","protected":false},"author":1,"featured_media":0,"parent":0,"menu_order":4,"comment_status":"closed","ping_status":"open","template":"","meta":[],"_links":{"self":[{"href":"https:\/\/tobiasgaertner.com\/index.php?rest_route=\/wp\/v2\/pages\/31"}],"collection":[{"href":"https:\/\/tobiasgaertner.com\/index.php?rest_route=\/wp\/v2\/pages"}],"about":[{"href":"https:\/\/tobiasgaertner.com\/index.php?rest_route=\/wp\/v2\/types\/page"}],"author":[{"embeddable":true,"href":"https:\/\/tobiasgaertner.com\/index.php?rest_route=\/wp\/v2\/users\/1"}],"replies":[{"embeddable":true,"href":"https:\/\/tobiasgaertner.com\/index.php?rest_route=%2Fwp%2Fv2%2Fcomments&post=31"}],"version-history":[{"count":10,"href":"https:\/\/tobiasgaertner.com\/index.php?rest_route=\/wp\/v2\/pages\/31\/revisions"}],"predecessor-version":[{"id":47,"href":"https:\/\/tobiasgaertner.com\/index.php?rest_route=\/wp\/v2\/pages\/31\/revisions\/47"}],"wp:attachment":[{"href":"https:\/\/tobiasgaertner.com\/index.php?rest_route=%2Fwp%2Fv2%2Fmedia&parent=31"}],"curies":[{"name":"wp","href":"https:\/\/api.w.org\/{rel}","templated":true}]}}