{"id":27,"date":"2014-03-30T14:24:13","date_gmt":"2014-03-30T12:24:13","guid":{"rendered":"http:\/\/tobiasgaertner.com\/?page_id=27"},"modified":"2018-04-12T11:01:29","modified_gmt":"2018-04-12T09:01:29","slug":"willkommen","status":"publish","type":"page","link":"https:\/\/tobiasgaertner.com\/?page_id=27","title":{"rendered":"Willkommen."},"content":{"rendered":"<p><a href=\"http:\/\/tobiasgaertner.com\/wp-content\/uploads\/2013\/09\/PILOT_tobias_gaertner-Kopie.png\"><img loading=\"lazy\" class=\"alignleft\" src=\"http:\/\/tobiasgaertner.com\/wp-content\/uploads\/2013\/09\/PILOT_tobias_gaertner-Kopie-200x300.png\" alt=\"TobiasGaertnerBild\" width=\"200\" height=\"300\" \/><\/a>Hallo, mein Name ist Tobias G\u00e4rtner.<\/p>\n<p>Mit \u00fcber 20 Jahren Berufserfahrung in der Kommunikationswelt und seit 1995 in digitalen Kan\u00e4len, kann ich neuen Herausforderungen von Unternehmen, Produkten und Marken im digitalen Zeitalter mit Wissen, Elan, Weitblick und damit auch der notwendigen Gelassenheit angehen. Und wenn man schon so viel gesehen und erlebt hat, ist man irgendwie so eine Art Pilot\u00a0f\u00fcr alle\u00a0Herausforderungen der Kommunikation im digitalen Zeitalter. Oder ein &#8222;MacGyver&#8220;. Nur ohne Schweizer Taschenmesser, damit darf man ja nicht mehr fliegen. Leider.<\/p>\n<p>Mehr:\u00a0<a title=\"Xing-Profil\" href=\"https:\/\/www.xing.com\/profile\/Tobias_Gaertner\" target=\"_blank\" rel=\"noopener\">Xing<\/a>.\u00a0<a title=\"LinkedIn-Profil\" href=\"http:\/\/www.linkedin.com\/in\/tobiasgaertner\" target=\"_blank\" rel=\"noopener\">LinkedIn<\/a>.\u00a0<a title=\"AboutMe\" href=\"http:\/\/about.me\/tobiasgaertner\/\" target=\"_blank\" rel=\"noopener\">AboutMe<\/a>.<\/p>\n","protected":false},"excerpt":{"rendered":"<p>Hallo, mein Name ist Tobias G\u00e4rtner. Mit \u00fcber 20 Jahren Berufserfahrung in der Kommunikationswelt und seit 1995 in digitalen Kan\u00e4len, kann ich neuen Herausforderungen von Unternehmen, Produkten und Marken im digitalen Zeitalter mit Wissen, Elan, Weitblick und damit auch der notwendigen Gelassenheit angehen. Und wenn man schon so viel gesehen und erlebt hat, ist man &hellip; <a href=\"https:\/\/tobiasgaertner.com\/?page_id=27\" class=\"more-link\"><span class=\"screen-reader-text\">Willkommen.<\/span> weiterlesen <span class=\"meta-nav\">&rarr;<\/span><\/a><\/p>\n","protected":false},"author":1,"featured_media":0,"parent":0,"menu_order":0,"comment_status":"closed","ping_status":"open","template":"","meta":[],"_links":{"self":[{"href":"https:\/\/tobiasgaertner.com\/index.php?rest_route=\/wp\/v2\/pages\/27"}],"collection":[{"href":"https:\/\/tobiasgaertner.com\/index.php?rest_route=\/wp\/v2\/pages"}],"about":[{"href":"https:\/\/tobiasgaertner.com\/index.php?rest_route=\/wp\/v2\/types\/page"}],"author":[{"embeddable":true,"href":"https:\/\/tobiasgaertner.com\/index.php?rest_route=\/wp\/v2\/users\/1"}],"replies":[{"embeddable":true,"href":"https:\/\/tobiasgaertner.com\/index.php?rest_route=%2Fwp%2Fv2%2Fcomments&post=27"}],"version-history":[{"count":7,"href":"https:\/\/tobiasgaertner.com\/index.php?rest_route=\/wp\/v2\/pages\/27\/revisions"}],"predecessor-version":[{"id":60,"href":"https:\/\/tobiasgaertner.com\/index.php?rest_route=\/wp\/v2\/pages\/27\/revisions\/60"}],"wp:attachment":[{"href":"https:\/\/tobiasgaertner.com\/index.php?rest_route=%2Fwp%2Fv2%2Fmedia&parent=27"}],"curies":[{"name":"wp","href":"https:\/\/api.w.org\/{rel}","templated":true}]}}