{"id":2,"date":"2013-09-23T08:58:08","date_gmt":"2013-09-23T08:58:08","guid":{"rendered":"http:\/\/tobiasgaertner.com\/?page_id=2"},"modified":"2018-04-12T11:01:58","modified_gmt":"2018-04-12T09:01:58","slug":"beispiel-seite","status":"publish","type":"page","link":"https:\/\/tobiasgaertner.com\/?page_id=2","title":{"rendered":"\u00dcber mich."},"content":{"rendered":"<p>Angefangen hat alles mit einem Buch.<\/p>\n<p>David Ogilvy. &#8222;Gest\u00e4ndnis eines Werbemannes&#8220;. \u00a0Von da an wusste ich, was ich machen wollte. Und habe den Schritt nie bereut.<\/p>\n<p>Angefangen 1994 als Praktikant im Dialogmarketing (mein Vertrag war noch auf Heye Direct Response-Papier, angefangen hatte ich dann aber bei Jahns, Rapp Collins) in der Kreation wechselte ich dann in die Beratung als Trainee. Und durfte dort, neben der Einf\u00fchrung des \u00a0McDonald&#8217;s Junior Clubs in Deutschland, auch erste Erfahrungen in \u00a0Film und Radio sammeln. Und 1995 &#8222;meine&#8220; erste Website f\u00fcr den Blutspendedienst des DRK Hagen. Mit Datenbank f\u00fcr Blutspendetermine, etc. &#8211; warum sollte das erste Projekt auch einfach sein. Danke, Rudolf Jahns, f\u00fcr diese Chance und den Freiraum!<\/p>\n<p>1996 dann der Wechsel zur b.a.s. interactive nach M\u00fcnchen. Monika Beumers, Wulf Henrichs und Andreas Preen hatten da etwas aufgebaut und ich durfte mitmachen. F\u00fcr Kaufhof ein Online-Magazin und die ersten eCommerce-Schritte (inkl. Auslieferung von Lebensmitteln), f\u00fcr die GZS Webseiten und interaktive Messeinstallation (damals war die CeBIT noch richtig gross), f\u00fcr Vodafone (damals noch MannesmannD2) Webseiten und vieles mehr.<\/p>\n<p>Im Jahr 2000 haben Hansj\u00f6rg Zimmermann und Rainer Wiedmann mich zu den argonauten geholt. Und die 2 Jahre dort f\u00fchlen sich auch heute noch wie mindestens 4 Jahre an. New Economy Bubble eben. Aber 4 Jahre, die ich nicht missen m\u00f6chte &#8211; viele Kollegen von damals sind enge Freunde geworden und steuern heute noch und wieder die Geschicke von f\u00fchrenden (digitalen) Agenturen und Unternehmen.<\/p>\n<p>2002 kam dann der Einstieg in die Plan.Net-Gruppe. F\u00fcr 6 Jahre, erst als GL, dann als Gesch\u00e4ftsf\u00fchrer und Partner\/Gesellschafter, mit Michael Frank und Manfred Klaus sowie Michael Krautwald und nat\u00fcrlich Florian Haller. Von der kleinen, digitalen Tochter der &#8222;M\u00fcnchner&#8220; Serviceplan zu einer der f\u00fchrenden Kreativ-Agentur im digitalen Bereich mit Standorten in Paris und Z\u00fcrich und mittlerweile in Benelux, Italien, im Mittleren Osten, Asien, Amerika und viele mehr.<\/p>\n<p>Dann: Mit 35 Jahren und nach 6 Jahren Plan.Net hatte ich das Gef\u00fchl, noch mal etwas anderes sehen zu m\u00fcssen. Scholz&amp;Friends, Selbst\u00e4ndigkeit, Verlag.<\/p>\n<p>2010 ging es nach Hamburg zur pilot. Inhabergef\u00fchrt. F\u00fchrend. Ehrgeizig. Es wurden drei spannende Jahre, Media und Kreation unter einen Hut zu bringen und Marken digital zu f\u00fchren. Ottobock, MAGE SOLAR, mobile und viele mehr.<\/p>\n<p>Bis Ende 2013 Florian Haller anrief und fragte, ob ich nicht Lust wieder auf die Plan.Net h\u00e4tte und in Z\u00fcrich das Haus der Kommunikation Schweiz aufbauen wollte. Das habe ich dann, zusammen mit dem Support eines\u00a0tollen Teams und dank Kunden wie Swisscom, BMW, Emmi und DELICA ca. 1,5 Jahre gerne gemacht und im Juni 2015 an meinen Nachfolger \u00fcbergeben. Und dann im\u00a0 &#8222;Mutterschiff&#8220; in M\u00fcnchen als Operations-Verantwortlicher f\u00fcr das weitere internationale Wachstum der Serviceplan-Gruppe t\u00e4tig. Von Integrationen \u00fcber Prozesse&amp;Tools und Onboardings bis zu schnellen, spontanen Hilfen in allen Lebenslagen der Kollegen in den Standorten. Ein &#8222;MacGyver&#8220; &#8211; nur ohne Schweizer Taschenmesser (mit dem darf man ja nicht mehr fliegen) &#8211; aber mit einem tollen Team. Und Wunder bekamen wir auch so hin.<\/p>\n<p>Nach knapp 4,5 Jahren nun (2018) wieder frei. Und schaue mich nach neuen Herausforderungen in der Welt um. Digital und &#8222;analog&#8220;. Mal schauen.<\/p>\n<p>Es bleibt auf jeden Fall spannend!<\/p>\n","protected":false},"excerpt":{"rendered":"<p>Angefangen hat alles mit einem Buch. David Ogilvy. &#8222;Gest\u00e4ndnis eines Werbemannes&#8220;. \u00a0Von da an wusste ich, was ich machen wollte. Und habe den Schritt nie bereut. Angefangen 1994 als Praktikant im Dialogmarketing (mein Vertrag war noch auf Heye Direct Response-Papier, angefangen hatte ich dann aber bei Jahns, Rapp Collins) in der Kreation wechselte ich dann &hellip; <a href=\"https:\/\/tobiasgaertner.com\/?page_id=2\" class=\"more-link\"><span class=\"screen-reader-text\">\u00dcber mich.<\/span> weiterlesen <span class=\"meta-nav\">&rarr;<\/span><\/a><\/p>\n","protected":false},"author":1,"featured_media":0,"parent":0,"menu_order":1,"comment_status":"open","ping_status":"open","template":"","meta":[],"_links":{"self":[{"href":"https:\/\/tobiasgaertner.com\/index.php?rest_route=\/wp\/v2\/pages\/2"}],"collection":[{"href":"https:\/\/tobiasgaertner.com\/index.php?rest_route=\/wp\/v2\/pages"}],"about":[{"href":"https:\/\/tobiasgaertner.com\/index.php?rest_route=\/wp\/v2\/types\/page"}],"author":[{"embeddable":true,"href":"https:\/\/tobiasgaertner.com\/index.php?rest_route=\/wp\/v2\/users\/1"}],"replies":[{"embeddable":true,"href":"https:\/\/tobiasgaertner.com\/index.php?rest_route=%2Fwp%2Fv2%2Fcomments&post=2"}],"version-history":[{"count":9,"href":"https:\/\/tobiasgaertner.com\/index.php?rest_route=\/wp\/v2\/pages\/2\/revisions"}],"predecessor-version":[{"id":61,"href":"https:\/\/tobiasgaertner.com\/index.php?rest_route=\/wp\/v2\/pages\/2\/revisions\/61"}],"wp:attachment":[{"href":"https:\/\/tobiasgaertner.com\/index.php?rest_route=%2Fwp%2Fv2%2Fmedia&parent=2"}],"curies":[{"name":"wp","href":"https:\/\/api.w.org\/{rel}","templated":true}]}}