{"id":15,"date":"2014-03-30T11:27:56","date_gmt":"2014-03-30T09:27:56","guid":{"rendered":"http:\/\/tobiasgaertner.com\/?page_id=15"},"modified":"2016-01-03T16:16:50","modified_gmt":"2016-01-03T14:16:50","slug":"impressum","status":"publish","type":"page","link":"https:\/\/tobiasgaertner.com\/?page_id=15","title":{"rendered":"Impressum."},"content":{"rendered":"<p>Verantwortlich f\u00fcr die Seite:<\/p>\n<p>Tobias G\u00e4rtner<br \/>\nLeopoldstr. 54<br \/>\n80802 M\u00fcnchen<br \/>\ntobias.gaertner(at)me(punkt)com<\/p>\n","protected":false},"excerpt":{"rendered":"<p>Verantwortlich f\u00fcr die Seite: Tobias G\u00e4rtner Leopoldstr. 54 80802 M\u00fcnchen tobias.gaertner(at)me(punkt)com<\/p>\n","protected":false},"author":1,"featured_media":0,"parent":0,"menu_order":2,"comment_status":"open","ping_status":"open","template":"","meta":[],"_links":{"self":[{"href":"https:\/\/tobiasgaertner.com\/index.php?rest_route=\/wp\/v2\/pages\/15"}],"collection":[{"href":"https:\/\/tobiasgaertner.com\/index.php?rest_route=\/wp\/v2\/pages"}],"about":[{"href":"https:\/\/tobiasgaertner.com\/index.php?rest_route=\/wp\/v2\/types\/page"}],"author":[{"embeddable":true,"href":"https:\/\/tobiasgaertner.com\/index.php?rest_route=\/wp\/v2\/users\/1"}],"replies":[{"embeddable":true,"href":"https:\/\/tobiasgaertner.com\/index.php?rest_route=%2Fwp%2Fv2%2Fcomments&post=15"}],"version-history":[{"count":3,"href":"https:\/\/tobiasgaertner.com\/index.php?rest_route=\/wp\/v2\/pages\/15\/revisions"}],"predecessor-version":[{"id":45,"href":"https:\/\/tobiasgaertner.com\/index.php?rest_route=\/wp\/v2\/pages\/15\/revisions\/45"}],"wp:attachment":[{"href":"https:\/\/tobiasgaertner.com\/index.php?rest_route=%2Fwp%2Fv2%2Fmedia&parent=15"}],"curies":[{"name":"wp","href":"https:\/\/api.w.org\/{rel}","templated":true}]}}